{"id":9665,"date":"2024-11-25T20:47:53","date_gmt":"2024-11-25T18:47:53","guid":{"rendered":"https:\/\/theblackturtle.es\/menu\/la-nevada"},"modified":"2024-11-25T20:53:57","modified_gmt":"2024-11-25T18:53:57","slug":"la-nevada","status":"publish","type":"page","link":"https:\/\/theblackturtle.es\/en\/menu\/la-nevada","title":{"rendered":"La Nevada"},"content":{"rendered":"\t\t<div data-elementor-type=\"wp-page\" data-elementor-id=\"9665\" class=\"elementor elementor-9665 elementor-9658\" data-elementor-post-type=\"page\">\n\t\t\t\t<a class=\"elementor-element elementor-element-fd8b12d elementor-hidden-mobile e-flex e-con-boxed e-con e-parent\" data-id=\"fd8b12d\" data-element_type=\"container\" data-settings=\"{&quot;background_background&quot;:&quot;classic&quot;}\" href=\"https:\/\/theblackturtle.es\/restaurantes\">\n\t\t\t\t\t<div class=\"e-con-inner\">\n\t\t\t\t<div class=\"elementor-element elementor-element-dedc4c8 elementor-invisible elementor-widget elementor-widget-heading\" data-id=\"dedc4c8\" data-element_type=\"widget\" data-settings=\"{&quot;_animation&quot;:&quot;fadeInUp&quot;}\" data-widget_type=\"heading.default\">\n\t\t\t\t<div class=\"elementor-widget-container\">\n\t\t\t\t\t<h2 class=\"elementor-heading-title elementor-size-default\">Menu<\/h2>\t\t\t\t<\/div>\n\t\t\t\t<\/div>\n\t\t\t\t<div class=\"elementor-element elementor-element-6a94fe1 elementor-invisible elementor-widget elementor-widget-heading\" data-id=\"6a94fe1\" data-element_type=\"widget\" data-settings=\"{&quot;_animation&quot;:&quot;fadeInUp&quot;}\" data-widget_type=\"heading.default\">\n\t\t\t\t<div class=\"elementor-widget-container\">\n\t\t\t\t\t<h2 class=\"elementor-heading-title elementor-size-default\">ICONIC BURGERS<\/h2>\t\t\t\t<\/div>\n\t\t\t\t<\/div>\n\t\t\t\t<div class=\"elementor-element elementor-element-32ea9b2 elementor-absolute elementor-widget elementor-widget-text-path\" data-id=\"32ea9b2\" data-element_type=\"widget\" id=\"rotating-text2\" data-settings=\"{&quot;text&quot;:&quot;Reservar mesa \\u2731 Reservar mesa \\u2731 Reservar mesa \\u2731 Reservar mesa \\u2731&quot;,&quot;align&quot;:&quot;center&quot;,&quot;text_path_direction&quot;:&quot;ltr&quot;,&quot;_position&quot;:&quot;absolute&quot;,&quot;link&quot;:{&quot;url&quot;:&quot;&quot;,&quot;is_external&quot;:&quot;&quot;,&quot;nofollow&quot;:&quot;&quot;,&quot;custom_attributes&quot;:&quot;&quot;},&quot;start_point&quot;:{&quot;unit&quot;:&quot;%&quot;,&quot;size&quot;:0,&quot;sizes&quot;:[]}}\" data-widget_type=\"text-path.default\">\n\t\t\t\t<div class=\"elementor-widget-container\">\n\t\t\t\t\t\t\t<div class=\"e-text-path\" data-text=\"Reservar mesa \u2731 Reservar mesa \u2731 Reservar mesa \u2731 Reservar mesa \u2731\" data-url=\"\/\/theblackturtle.es\/wp-content\/plugins\/elementor\/assets\/svg-paths\/circle.svg\" data-link-url=\"\"><\/div>\n\t\t\t\t\t\t<\/div>\n\t\t\t\t<\/div>\n\t\t\t\t\t<\/div>\n\t\t\t\t<\/a>\n\t\t<div class=\"elementor-element elementor-element-1bf45d4 e-flex e-con-boxed e-con e-parent\" data-id=\"1bf45d4\" data-element_type=\"container\" data-settings=\"{&quot;background_background&quot;:&quot;classic&quot;}\">\n\t\t\t\t\t<div class=\"e-con-inner\">\n\t\t<div class=\"elementor-element elementor-element-58e4be8 e-con-full e-flex e-con e-child\" data-id=\"58e4be8\" data-element_type=\"container\">\n\t\t\t\t<div class=\"elementor-element elementor-element-b72001e elementor-pagination-position-outside elementor-widget elementor-widget-image-carousel\" data-id=\"b72001e\" data-element_type=\"widget\" data-settings=\"{&quot;slides_to_show&quot;:&quot;1&quot;,&quot;navigation&quot;:&quot;dots&quot;,&quot;autoplay&quot;:&quot;yes&quot;,&quot;pause_on_hover&quot;:&quot;yes&quot;,&quot;pause_on_interaction&quot;:&quot;yes&quot;,&quot;autoplay_speed&quot;:5000,&quot;infinite&quot;:&quot;yes&quot;,&quot;effect&quot;:&quot;slide&quot;,&quot;speed&quot;:500}\" data-widget_type=\"image-carousel.default\">\n\t\t\t\t<div class=\"elementor-widget-container\">\n\t\t\t\t\t\t\t<div class=\"elementor-image-carousel-wrapper swiper\" role=\"region\" aria-roledescription=\"carousel\" aria-label=\"Image Carousel\" dir=\"ltr\">\n\t\t\t<div class=\"elementor-image-carousel swiper-wrapper\" aria-live=\"off\">\n\t\t\t\t\t\t\t\t<div class=\"swiper-slide\" role=\"group\" aria-roledescription=\"slide\" aria-label=\"1 of 1\"><figure class=\"swiper-slide-inner\"><img decoding=\"async\" class=\"swiper-slide-image\" src=\"https:\/\/theblackturtle.es\/wp-content\/uploads\/2024\/11\/burger-la-nevada.jpg\" alt=\"burger-la-nevada\" \/><\/figure><\/div>\t\t\t<\/div>\n\t\t\t\t\t<\/div>\n\t\t\t\t\t\t<\/div>\n\t\t\t\t<\/div>\n\t\t\t\t<\/div>\n\t\t<div class=\"elementor-element elementor-element-330409b e-con-full e-flex e-con e-child\" data-id=\"330409b\" data-element_type=\"container\">\n\t\t\t\t<div class=\"elementor-element elementor-element-3caec6e elementor-widget elementor-widget-button\" data-id=\"3caec6e\" data-element_type=\"widget\" data-widget_type=\"button.default\">\n\t\t\t\t<div class=\"elementor-widget-container\">\n\t\t\t\t\t\t\t\t\t<div class=\"elementor-button-wrapper\">\n\t\t\t\t\t<a class=\"elementor-button elementor-button-link elementor-size-sm\" href=\"https:\/\/theblackturtle.es\/en\/menu\">\n\t\t\t\t\t\t<span class=\"elementor-button-content-wrapper\">\n\t\t\t\t\t\t<span class=\"elementor-button-icon\">\n\t\t\t\t<svg aria-hidden=\"true\" class=\"e-font-icon-svg e-fas-chevron-left\" viewBox=\"0 0 320 512\" xmlns=\"http:\/\/www.w3.org\/2000\/svg\"><path d=\"M34.52 239.03L228.87 44.69c9.37-9.37 24.57-9.37 33.94 0l22.67 22.67c9.36 9.36 9.37 24.52.04 33.9L131.49 256l154.02 154.75c9.34 9.38 9.32 24.54-.04 33.9l-22.67 22.67c-9.37 9.37-24.57 9.37-33.94 0L34.52 272.97c-9.37-9.37-9.37-24.57 0-33.94z\"><\/path><\/svg>\t\t\t<\/span>\n\t\t\t\t\t\t\t\t\t<span class=\"elementor-button-text\">Back to menu<\/span>\n\t\t\t\t\t<\/span>\n\t\t\t\t\t<\/a>\n\t\t\t\t<\/div>\n\t\t\t\t\t\t\t\t<\/div>\n\t\t\t\t<\/div>\n\t\t\t\t<div class=\"elementor-element elementor-element-b1b6786 elementor-widget elementor-widget-spacer\" data-id=\"b1b6786\" data-element_type=\"widget\" data-widget_type=\"spacer.default\">\n\t\t\t\t<div class=\"elementor-widget-container\">\n\t\t\t\t\t\t\t<div class=\"elementor-spacer\">\n\t\t\t<div class=\"elementor-spacer-inner\"><\/div>\n\t\t<\/div>\n\t\t\t\t\t\t<\/div>\n\t\t\t\t<\/div>\n\t\t<div class=\"elementor-element elementor-element-8d831a1 e-flex e-con-boxed e-con e-child\" data-id=\"8d831a1\" data-element_type=\"container\">\n\t\t\t\t\t<div class=\"e-con-inner\">\n\t\t\t\t<div class=\"elementor-element elementor-element-9c118c4 elementor-widget elementor-widget-heading\" data-id=\"9c118c4\" data-element_type=\"widget\" data-widget_type=\"heading.default\">\n\t\t\t\t<div class=\"elementor-widget-container\">\n\t\t\t\t\t<p class=\"elementor-heading-title elementor-size-default\">La Nevada<\/p>\t\t\t\t<\/div>\n\t\t\t\t<\/div>\n\t\t\t\t<div class=\"elementor-element elementor-element-0578bc7 elementor-widget elementor-widget-button\" data-id=\"0578bc7\" data-element_type=\"widget\" data-widget_type=\"button.default\">\n\t\t\t\t<div class=\"elementor-widget-container\">\n\t\t\t\t\t\t\t\t\t<div class=\"elementor-button-wrapper\">\n\t\t\t\t\t<a class=\"elementor-button elementor-size-sm\" role=\"button\">\n\t\t\t\t\t\t<span class=\"elementor-button-content-wrapper\">\n\t\t\t\t\t\t\t\t\t<span class=\"elementor-button-text\">NEW<\/span>\n\t\t\t\t\t<\/span>\n\t\t\t\t\t<\/a>\n\t\t\t\t<\/div>\n\t\t\t\t\t\t\t\t<\/div>\n\t\t\t\t<\/div>\n\t\t\t\t\t<\/div>\n\t\t\t\t<\/div>\n\t\t\t\t<div class=\"elementor-element elementor-element-e560d1e elementor-widget elementor-widget-text-editor\" data-id=\"e560d1e\" data-element_type=\"widget\" data-widget_type=\"text-editor.default\">\n\t\t\t\t<div class=\"elementor-widget-container\">\n\t\t\t\t\t\t\t\t\t<p>15,95\u20ac\u00a0<\/p>\t\t\t\t\t\t\t\t<\/div>\n\t\t\t\t<\/div>\n\t\t\t\t<div class=\"elementor-element elementor-element-ba3c3f8 elementor-widget elementor-widget-text-editor\" data-id=\"ba3c3f8\" data-element_type=\"widget\" data-widget_type=\"text-editor.default\">\n\t\t\t\t<div class=\"elementor-widget-container\">\n\t\t\t\t\t\t\t\t\tA burger made with 60-day dry-aged Galician blonde beef.\u00a0Hand-selected by C\u00e1rnicas Lyo and artisanally minced by Carnicer\u00eda Catal\u00e1. Of course, it\u2019s paired with homemade carbonara sauce, crispy bacon, smoked Edam cheese, a fried egg, and grated Parmesan.\t\t\t\t\t\t\t\t<\/div>\n\t\t\t\t<\/div>\n\t\t\t\t<div class=\"elementor-element elementor-element-1ae7fed elementor-widget elementor-widget-button\" data-id=\"1ae7fed\" data-element_type=\"widget\" data-widget_type=\"button.default\">\n\t\t\t\t<div class=\"elementor-widget-container\">\n\t\t\t\t\t\t\t\t\t<div class=\"elementor-button-wrapper\">\n\t\t\t\t\t<a class=\"elementor-button elementor-button-link elementor-size-sm\" href=\"https:\/\/theblackturtle.es\/carta-digital\/img\/tbt\/alergenos.pdf\" target=\"_blank\">\n\t\t\t\t\t\t<span class=\"elementor-button-content-wrapper\">\n\t\t\t\t\t\t<span class=\"elementor-button-icon\">\n\t\t\t\t<svg aria-hidden=\"true\" class=\"e-font-icon-svg e-fas-angle-right\" viewBox=\"0 0 256 512\" xmlns=\"http:\/\/www.w3.org\/2000\/svg\"><path d=\"M224.3 273l-136 136c-9.4 9.4-24.6 9.4-33.9 0l-22.6-22.6c-9.4-9.4-9.4-24.6 0-33.9l96.4-96.4-96.4-96.4c-9.4-9.4-9.4-24.6 0-33.9L54.3 103c9.4-9.4 24.6-9.4 33.9 0l136 136c9.5 9.4 9.5 24.6.1 34z\"><\/path><\/svg>\t\t\t<\/span>\n\t\t\t\t\t\t\t\t\t<span class=\"elementor-button-text\">See allergen chart<\/span>\n\t\t\t\t\t<\/span>\n\t\t\t\t\t<\/a>\n\t\t\t\t<\/div>\n\t\t\t\t\t\t\t\t<\/div>\n\t\t\t\t<\/div>\n\t\t\t\t<div class=\"elementor-element elementor-element-e387f65 elementor-widget elementor-widget-spacer\" data-id=\"e387f65\" data-element_type=\"widget\" data-widget_type=\"spacer.default\">\n\t\t\t\t<div class=\"elementor-widget-container\">\n\t\t\t\t\t\t\t<div class=\"elementor-spacer\">\n\t\t\t<div class=\"elementor-spacer-inner\"><\/div>\n\t\t<\/div>\n\t\t\t\t\t\t<\/div>\n\t\t\t\t<\/div>\n\t\t\t\t<div class=\"elementor-element elementor-element-5ffd2c0 elementor-widget-mobile__width-inherit elementor-mobile-align-left elementor-hidden-mobile elementor-widget elementor-widget-button\" data-id=\"5ffd2c0\" data-element_type=\"widget\" data-widget_type=\"button.default\">\n\t\t\t\t<div class=\"elementor-widget-container\">\n\t\t\t\t\t\t\t\t\t<div class=\"elementor-button-wrapper\">\n\t\t\t\t\t<a class=\"elementor-button elementor-button-link elementor-size-sm\" href=\"https:\/\/pedidos.theblackturtle.es\/\" target=\"_blank\">\n\t\t\t\t\t\t<span class=\"elementor-button-content-wrapper\">\n\t\t\t\t\t\t\t\t\t<span class=\"elementor-button-text\">Order now<\/span>\n\t\t\t\t\t<\/span>\n\t\t\t\t\t<\/a>\n\t\t\t\t<\/div>\n\t\t\t\t\t\t\t\t<\/div>\n\t\t\t\t<\/div>\n\t\t\t\t<\/div>\n\t\t\t\t\t<\/div>\n\t\t\t\t<\/div>\n\t\t<a class=\"elementor-element elementor-element-0362692 elementor-hidden-desktop elementor-hidden-tablet e-flex e-con-boxed e-con e-parent\" data-id=\"0362692\" data-element_type=\"container\" data-settings=\"{&quot;background_background&quot;:&quot;classic&quot;,&quot;position&quot;:&quot;fixed&quot;}\" href=\"https:\/\/pedidos.theblackturtle.es\/\">\n\t\t\t\t\t<div class=\"e-con-inner\">\n\t\t\t\t<div class=\"elementor-element elementor-element-4618c46 elementor-widget elementor-widget-heading\" data-id=\"4618c46\" data-element_type=\"widget\" data-widget_type=\"heading.default\">\n\t\t\t\t<div class=\"elementor-widget-container\">\n\t\t\t\t\t<h2 class=\"elementor-heading-title elementor-size-default\">Pedir ahora<\/h2>\t\t\t\t<\/div>\n\t\t\t\t<\/div>\n\t\t\t\t\t<\/div>\n\t\t\t\t<\/a>\n\t\t\t\t<\/div>\n\t\t","protected":false},"excerpt":{"rendered":"<p>Menu ICONIC BURGERS Back to menu La Nevada NEW 15,95\u20ac\u00a0 A burger made with 60-day dry-aged Galician blonde beef.\u00a0Hand-selected by C\u00e1rnicas Lyo and artisanally minced by Carnicer\u00eda Catal\u00e1. Of course, it\u2019s paired with homemade carbonara sauce, crispy bacon, smoked Edam cheese, a fried egg, and grated Parmesan. See allergen chart Order now Pedir ahora<\/p>\n","protected":false},"author":2,"featured_media":0,"parent":6764,"menu_order":0,"comment_status":"closed","ping_status":"closed","template":"elementor_header_footer","meta":{"_acf_changed":false,"inline_featured_image":false,"footnotes":""},"class_list":["post-9665","page","type-page","status-publish","hentry"],"acf":[],"yoast_head":"<!-- This site is optimized with the Yoast SEO plugin v26.6 - https:\/\/yoast.com\/wordpress\/plugins\/seo\/ -->\n<title>La Nevada - The Black Turtle<\/title>\n<meta name=\"robots\" content=\"index, follow, max-snippet:-1, max-image-preview:large, max-video-preview:-1\" \/>\n<link rel=\"canonical\" href=\"https:\/\/theblackturtle.es\/en\/menu\/la-nevada\" \/>\n<meta property=\"og:locale\" content=\"en_US\" \/>\n<meta property=\"og:type\" content=\"article\" \/>\n<meta property=\"og:title\" content=\"La Nevada - The Black Turtle\" \/>\n<meta property=\"og:description\" content=\"Menu ICONIC BURGERS Back to menu La Nevada NEW 15,95\u20ac\u00a0 A burger made with 60-day dry-aged Galician blonde beef.\u00a0Hand-selected by C\u00e1rnicas Lyo and artisanally minced by Carnicer\u00eda Catal\u00e1. Of course, it\u2019s paired with homemade carbonara sauce, crispy bacon, smoked Edam cheese, a fried egg, and grated Parmesan. See allergen chart Order now Pedir ahora\" \/>\n<meta property=\"og:url\" content=\"https:\/\/theblackturtle.es\/en\/menu\/la-nevada\" \/>\n<meta property=\"og:site_name\" content=\"The Black Turtle\" \/>\n<meta property=\"article:modified_time\" content=\"2024-11-25T18:53:57+00:00\" \/>\n<meta property=\"og:image\" content=\"https:\/\/theblackturtle.es\/wp-content\/uploads\/2024\/11\/burger-la-nevada.jpg\" \/>\n<meta name=\"twitter:card\" content=\"summary_large_image\" \/>\n<meta name=\"twitter:label1\" content=\"Est. reading time\" \/>\n\t<meta name=\"twitter:data1\" content=\"1 minute\" \/>\n<script type=\"application\/ld+json\" class=\"yoast-schema-graph\">{\"@context\":\"https:\/\/schema.org\",\"@graph\":[{\"@type\":\"WebPage\",\"@id\":\"https:\/\/theblackturtle.es\/en\/menu\/la-nevada\",\"url\":\"https:\/\/theblackturtle.es\/en\/menu\/la-nevada\",\"name\":\"La Nevada - The Black Turtle\",\"isPartOf\":{\"@id\":\"https:\/\/theblackturtle.es\/en#website\"},\"primaryImageOfPage\":{\"@id\":\"https:\/\/theblackturtle.es\/en\/menu\/la-nevada#primaryimage\"},\"image\":{\"@id\":\"https:\/\/theblackturtle.es\/en\/menu\/la-nevada#primaryimage\"},\"thumbnailUrl\":\"https:\/\/theblackturtle.es\/wp-content\/uploads\/2024\/11\/burger-la-nevada.jpg\",\"datePublished\":\"2024-11-25T18:47:53+00:00\",\"dateModified\":\"2024-11-25T18:53:57+00:00\",\"breadcrumb\":{\"@id\":\"https:\/\/theblackturtle.es\/en\/menu\/la-nevada#breadcrumb\"},\"inLanguage\":\"en-US\",\"potentialAction\":[{\"@type\":\"ReadAction\",\"target\":[\"https:\/\/theblackturtle.es\/en\/menu\/la-nevada\"]}]},{\"@type\":\"ImageObject\",\"inLanguage\":\"en-US\",\"@id\":\"https:\/\/theblackturtle.es\/en\/menu\/la-nevada#primaryimage\",\"url\":\"https:\/\/theblackturtle.es\/wp-content\/uploads\/2024\/11\/burger-la-nevada.jpg\",\"contentUrl\":\"https:\/\/theblackturtle.es\/wp-content\/uploads\/2024\/11\/burger-la-nevada.jpg\"},{\"@type\":\"BreadcrumbList\",\"@id\":\"https:\/\/theblackturtle.es\/en\/menu\/la-nevada#breadcrumb\",\"itemListElement\":[{\"@type\":\"ListItem\",\"position\":1,\"name\":\"Portada\",\"item\":\"https:\/\/theblackturtle.es\/en\"},{\"@type\":\"ListItem\",\"position\":2,\"name\":\"Menu\",\"item\":\"https:\/\/theblackturtle.es\/en\/menu\"},{\"@type\":\"ListItem\",\"position\":3,\"name\":\"La Nevada\"}]},{\"@type\":\"WebSite\",\"@id\":\"https:\/\/theblackturtle.es\/en#website\",\"url\":\"https:\/\/theblackturtle.es\/en\",\"name\":\"The Black Turtle\",\"description\":\"\",\"potentialAction\":[{\"@type\":\"SearchAction\",\"target\":{\"@type\":\"EntryPoint\",\"urlTemplate\":\"https:\/\/theblackturtle.es\/en?s={search_term_string}\"},\"query-input\":{\"@type\":\"PropertyValueSpecification\",\"valueRequired\":true,\"valueName\":\"search_term_string\"}}],\"inLanguage\":\"en-US\"}]}<\/script>\n<!-- \/ Yoast SEO plugin. -->","yoast_head_json":{"title":"La Nevada - The Black Turtle","robots":{"index":"index","follow":"follow","max-snippet":"max-snippet:-1","max-image-preview":"max-image-preview:large","max-video-preview":"max-video-preview:-1"},"canonical":"https:\/\/theblackturtle.es\/en\/menu\/la-nevada","og_locale":"en_US","og_type":"article","og_title":"La Nevada - The Black Turtle","og_description":"Menu ICONIC BURGERS Back to menu La Nevada NEW 15,95\u20ac\u00a0 A burger made with 60-day dry-aged Galician blonde beef.\u00a0Hand-selected by C\u00e1rnicas Lyo and artisanally minced by Carnicer\u00eda Catal\u00e1. Of course, it\u2019s paired with homemade carbonara sauce, crispy bacon, smoked Edam cheese, a fried egg, and grated Parmesan. See allergen chart Order now Pedir ahora","og_url":"https:\/\/theblackturtle.es\/en\/menu\/la-nevada","og_site_name":"The Black Turtle","article_modified_time":"2024-11-25T18:53:57+00:00","og_image":[{"url":"https:\/\/theblackturtle.es\/wp-content\/uploads\/2024\/11\/burger-la-nevada.jpg","type":"","width":"","height":""}],"twitter_card":"summary_large_image","twitter_misc":{"Est. reading time":"1 minute"},"schema":{"@context":"https:\/\/schema.org","@graph":[{"@type":"WebPage","@id":"https:\/\/theblackturtle.es\/en\/menu\/la-nevada","url":"https:\/\/theblackturtle.es\/en\/menu\/la-nevada","name":"La Nevada - The Black Turtle","isPartOf":{"@id":"https:\/\/theblackturtle.es\/en#website"},"primaryImageOfPage":{"@id":"https:\/\/theblackturtle.es\/en\/menu\/la-nevada#primaryimage"},"image":{"@id":"https:\/\/theblackturtle.es\/en\/menu\/la-nevada#primaryimage"},"thumbnailUrl":"https:\/\/theblackturtle.es\/wp-content\/uploads\/2024\/11\/burger-la-nevada.jpg","datePublished":"2024-11-25T18:47:53+00:00","dateModified":"2024-11-25T18:53:57+00:00","breadcrumb":{"@id":"https:\/\/theblackturtle.es\/en\/menu\/la-nevada#breadcrumb"},"inLanguage":"en-US","potentialAction":[{"@type":"ReadAction","target":["https:\/\/theblackturtle.es\/en\/menu\/la-nevada"]}]},{"@type":"ImageObject","inLanguage":"en-US","@id":"https:\/\/theblackturtle.es\/en\/menu\/la-nevada#primaryimage","url":"https:\/\/theblackturtle.es\/wp-content\/uploads\/2024\/11\/burger-la-nevada.jpg","contentUrl":"https:\/\/theblackturtle.es\/wp-content\/uploads\/2024\/11\/burger-la-nevada.jpg"},{"@type":"BreadcrumbList","@id":"https:\/\/theblackturtle.es\/en\/menu\/la-nevada#breadcrumb","itemListElement":[{"@type":"ListItem","position":1,"name":"Portada","item":"https:\/\/theblackturtle.es\/en"},{"@type":"ListItem","position":2,"name":"Menu","item":"https:\/\/theblackturtle.es\/en\/menu"},{"@type":"ListItem","position":3,"name":"La Nevada"}]},{"@type":"WebSite","@id":"https:\/\/theblackturtle.es\/en#website","url":"https:\/\/theblackturtle.es\/en","name":"The Black Turtle","description":"","potentialAction":[{"@type":"SearchAction","target":{"@type":"EntryPoint","urlTemplate":"https:\/\/theblackturtle.es\/en?s={search_term_string}"},"query-input":{"@type":"PropertyValueSpecification","valueRequired":true,"valueName":"search_term_string"}}],"inLanguage":"en-US"}]}},"_links":{"self":[{"href":"https:\/\/theblackturtle.es\/en\/wp-json\/wp\/v2\/pages\/9665","targetHints":{"allow":["GET"]}}],"collection":[{"href":"https:\/\/theblackturtle.es\/en\/wp-json\/wp\/v2\/pages"}],"about":[{"href":"https:\/\/theblackturtle.es\/en\/wp-json\/wp\/v2\/types\/page"}],"author":[{"embeddable":true,"href":"https:\/\/theblackturtle.es\/en\/wp-json\/wp\/v2\/users\/2"}],"replies":[{"embeddable":true,"href":"https:\/\/theblackturtle.es\/en\/wp-json\/wp\/v2\/comments?post=9665"}],"version-history":[{"count":3,"href":"https:\/\/theblackturtle.es\/en\/wp-json\/wp\/v2\/pages\/9665\/revisions"}],"predecessor-version":[{"id":9668,"href":"https:\/\/theblackturtle.es\/en\/wp-json\/wp\/v2\/pages\/9665\/revisions\/9668"}],"up":[{"embeddable":true,"href":"https:\/\/theblackturtle.es\/en\/wp-json\/wp\/v2\/pages\/6764"}],"wp:attachment":[{"href":"https:\/\/theblackturtle.es\/en\/wp-json\/wp\/v2\/media?parent=9665"}],"curies":[{"name":"wp","href":"https:\/\/api.w.org\/{rel}","templated":true}]}}